{"id":578,"date":"2022-04-11T13:35:23","date_gmt":"2022-04-11T13:35:23","guid":{"rendered":"https:\/\/www.peraireinmobiliaria.com\/\/serveis\/"},"modified":"2025-04-08T11:32:26","modified_gmt":"2025-04-08T09:32:26","slug":"serveis","status":"publish","type":"page","link":"https:\/\/www.peraireinmobiliaria.com\/ca\/serveis\/","title":{"rendered":"Serveis"},"content":{"rendered":"\n<div class=\"wp-block-group alignfull bg-info section bg-white-foot\"><div class=\"wp-block-group__inner-container is-layout-flow wp-block-group-is-layout-flow\">\n<div class=\"wp-block-group container gx-2\"><div class=\"wp-block-group__inner-container is-layout-flow wp-block-group-is-layout-flow\"><div class=\"wp-bootstrap-blocks-row row gy-3 gy-xl-5\">\n\t\n\n<div class=\"col-12 col-md-12 col-lg-6 col-xl-6 pe-xxl-8\">\n\t\t\t<div class=\"h-100 d-flex flex-column justify-content-center\">\n\t\t\t\n\n<h1 class=\"mb-4 mt-5 wp-block-heading\">Serveis<\/h1>\n\n\n\n<p class=\"fs-5 mb-lg-8 pb-lg-5\">Gr\u00e0cies a l\u2019<strong>\u00e0mplia experi\u00e8ncia del nostre equip<\/strong> i de l\u2019estreta col\u00b7laboraci\u00f3 amb grans professionals del sector en l\u2019<strong>\u00e0mbit legal, fiscal i administratiu<\/strong>, a Peraire t\u2019oferim els seg\u00fcents <strong>serveis immobiliaris<\/strong>, sempre de manera personalitzada i adaptada a cada client:<\/p>\n\n\t\t<\/div>\n\t<\/div>\n\n\n\n<div class=\"col-12 col-md-12 col-lg-6 col-xl-6\">\n\t\t\t\n\n<figure class=\"wp-block-image size-large mb-0 img-top\"><img decoding=\"async\" width=\"1024\" height=\"596\" src=\"https:\/\/www.peraireinmobiliaria.com\/wp-content\/uploads\/2022\/04\/portal-1024x596.png\" alt=\"\" class=\"wp-image-217\" srcset=\"https:\/\/www.peraireinmobiliaria.com\/wp-content\/uploads\/2022\/04\/portal-1024x596.png 1024w, https:\/\/www.peraireinmobiliaria.com\/wp-content\/uploads\/2022\/04\/portal-300x175.png 300w, https:\/\/www.peraireinmobiliaria.com\/wp-content\/uploads\/2022\/04\/portal-768x447.png 768w, https:\/\/www.peraireinmobiliaria.com\/wp-content\/uploads\/2022\/04\/portal.png 1384w\" sizes=\"(max-width: 1024px) 100vw, 1024px\" \/><\/figure>\n\n\t<\/div>\n\n<\/div>\n<\/div><\/div>\n<\/div><\/div>\n\n<div class=\"wp-block-group mb-8\"><div class=\"wp-block-group__inner-container is-layout-flow wp-block-group-is-layout-flow\">\n<ul class=\"list-servicios wp-block-list\">\n<li><a href=\"https:\/\/www.peraireinmobiliaria.com\/ca\/serveis\/llogar-el-meu-pis\/\">Llogar el meu pis<\/a><\/li>\n\n\n\n<li><a href=\"https:\/\/www.peraireinmobiliaria.com\/ca\/serveis\/comercialitzacio-dimmobles\/\">Comercialitzaci\u00f3 d&#8217;immobles<\/a><\/li>\n\n\n\n<li><a href=\"https:\/\/www.peraireinmobiliaria.com\/ca\/serveis\/valoracions-inmobiliaries\/\">Valoraci\u00f3 d\u2019immobles<\/a><\/li>\n\n\n\n<li><a href=\"https:\/\/www.peraireinmobiliaria.com\/ca\/serveis\/taxacio-dhabitatges\/\">Taxaci\u00f3 d\u2019habitatges<\/a><\/li>\n\n\n\n<li><a href=\"https:\/\/www.peraireinmobiliaria.com\/ca\/serveis\/assessoria-inmobiliaria-i-tramits\/\">Assessorament jur\u00eddic i fiscal<\/a><\/li>\n\n\n\n<li>Ajuda amb el finan\u00e7ament<\/li>\n\n\n\n<li>Estudi econ\u00f2mic dels llogaters<\/li>\n\n\n\n<li>Assegurances per impagament de lloguer<\/li>\n\n\n\n<li>Assegurances de la llar<\/li>\n\n\n\n<li>Assegurances de comunitats<\/li>\n\n\n\n<li><a href=\"https:\/\/incasol.gencat.cat\/es\/inici\/\">Dip\u00f2sit de fiances a l\u2019INCAS\u00d2L<\/a><\/li>\n\n\n\n<li>Renovaci\u00f3 de contractes de lloguer<\/li>\n\n\n\n<li>Desnonaments<\/li>\n\n\n\n<li>ITE comunitats<\/li>\n\n\n\n<li>Subvencions<\/li>\n\n\n\n<li>Certificats digitals<\/li>\n\n\n\n<li>Liquidaci\u00f3 d&#8217;impostos<\/li>\n<\/ul>\n<\/div><\/div>\n","protected":false},"excerpt":{"rendered":"","protected":false},"author":1,"featured_media":0,"parent":0,"menu_order":0,"comment_status":"closed","ping_status":"closed","template":"","meta":{"footnotes":""},"class_list":["post-578","page","type-page","status-publish","hentry"],"yoast_head":"<!-- This site is optimized with the Yoast SEO plugin v27.4 - https:\/\/yoast.com\/product\/yoast-seo-wordpress\/ -->\n<title>Serveis | Peraire Inmobiliaria<\/title>\n<meta name=\"description\" content=\"Oferim els millors serveis immobiliaris: comercialitzaci\u00f3 d\u00b4immobles, assessorament jur\u00eddic i fiscal, valoraci\u00f3, comunitats i m\u00e9s.\" \/>\n<meta name=\"robots\" content=\"index, follow, max-snippet:-1, max-image-preview:large, max-video-preview:-1\" \/>\n<link rel=\"canonical\" href=\"https:\/\/www.peraireinmobiliaria.com\/ca\/serveis\/\" \/>\n<meta property=\"og:locale\" content=\"ca_ES\" \/>\n<meta property=\"og:type\" content=\"article\" \/>\n<meta property=\"og:title\" content=\"Serveis | Peraire Inmobiliaria\" \/>\n<meta property=\"og:description\" content=\"Oferim els millors serveis immobiliaris: comercialitzaci\u00f3 d\u00b4immobles, assessorament jur\u00eddic i fiscal, valoraci\u00f3, comunitats i m\u00e9s.\" \/>\n<meta property=\"og:url\" content=\"https:\/\/www.peraireinmobiliaria.com\/ca\/serveis\/\" \/>\n<meta property=\"og:site_name\" content=\"Peraire\" \/>\n<meta property=\"article:modified_time\" content=\"2025-04-08T09:32:26+00:00\" \/>\n<meta property=\"og:image\" content=\"https:\/\/www.peraireinmobiliaria.com\/wp-content\/uploads\/2022\/04\/portal-1024x596.png\" \/>\n<meta name=\"twitter:card\" content=\"summary_large_image\" \/>\n<meta name=\"twitter:label1\" content=\"Temps estimat de lectura\" \/>\n\t<meta name=\"twitter:data1\" content=\"1 minut\" \/>\n<script type=\"application\/ld+json\" class=\"yoast-schema-graph\">{\"@context\":\"https:\\\/\\\/schema.org\",\"@graph\":[{\"@type\":\"WebPage\",\"@id\":\"https:\\\/\\\/www.peraireinmobiliaria.com\\\/ca\\\/serveis\\\/\",\"url\":\"https:\\\/\\\/www.peraireinmobiliaria.com\\\/ca\\\/serveis\\\/\",\"name\":\"Serveis | Peraire Inmobiliaria\",\"isPartOf\":{\"@id\":\"https:\\\/\\\/www.peraireinmobiliaria.com\\\/ca\\\/#website\"},\"primaryImageOfPage\":{\"@id\":\"https:\\\/\\\/www.peraireinmobiliaria.com\\\/ca\\\/serveis\\\/#primaryimage\"},\"image\":{\"@id\":\"https:\\\/\\\/www.peraireinmobiliaria.com\\\/ca\\\/serveis\\\/#primaryimage\"},\"thumbnailUrl\":\"https:\\\/\\\/www.peraireinmobiliaria.com\\\/wp-content\\\/uploads\\\/2022\\\/04\\\/portal-1024x596.png\",\"datePublished\":\"2022-04-11T13:35:23+00:00\",\"dateModified\":\"2025-04-08T09:32:26+00:00\",\"description\":\"Oferim els millors serveis immobiliaris: comercialitzaci\u00f3 d\u00b4immobles, assessorament jur\u00eddic i fiscal, valoraci\u00f3, comunitats i m\u00e9s.\",\"breadcrumb\":{\"@id\":\"https:\\\/\\\/www.peraireinmobiliaria.com\\\/ca\\\/serveis\\\/#breadcrumb\"},\"inLanguage\":\"ca\",\"potentialAction\":[{\"@type\":\"ReadAction\",\"target\":[\"https:\\\/\\\/www.peraireinmobiliaria.com\\\/ca\\\/serveis\\\/\"]}]},{\"@type\":\"ImageObject\",\"inLanguage\":\"ca\",\"@id\":\"https:\\\/\\\/www.peraireinmobiliaria.com\\\/ca\\\/serveis\\\/#primaryimage\",\"url\":\"https:\\\/\\\/www.peraireinmobiliaria.com\\\/wp-content\\\/uploads\\\/2022\\\/04\\\/portal-1024x596.png\",\"contentUrl\":\"https:\\\/\\\/www.peraireinmobiliaria.com\\\/wp-content\\\/uploads\\\/2022\\\/04\\\/portal-1024x596.png\"},{\"@type\":\"BreadcrumbList\",\"@id\":\"https:\\\/\\\/www.peraireinmobiliaria.com\\\/ca\\\/serveis\\\/#breadcrumb\",\"itemListElement\":[{\"@type\":\"ListItem\",\"position\":1,\"name\":\"Home\",\"item\":\"https:\\\/\\\/www.peraireinmobiliaria.com\\\/ca\\\/\"},{\"@type\":\"ListItem\",\"position\":2,\"name\":\"Serveis\"}]},{\"@type\":\"WebSite\",\"@id\":\"https:\\\/\\\/www.peraireinmobiliaria.com\\\/ca\\\/#website\",\"url\":\"https:\\\/\\\/www.peraireinmobiliaria.com\\\/ca\\\/\",\"name\":\"Peraire\",\"description\":\"Servicios inmobiliarios\",\"publisher\":{\"@id\":\"https:\\\/\\\/www.peraireinmobiliaria.com\\\/ca\\\/#organization\"},\"potentialAction\":[{\"@type\":\"SearchAction\",\"target\":{\"@type\":\"EntryPoint\",\"urlTemplate\":\"https:\\\/\\\/www.peraireinmobiliaria.com\\\/ca\\\/?s={search_term_string}\"},\"query-input\":{\"@type\":\"PropertyValueSpecification\",\"valueRequired\":true,\"valueName\":\"search_term_string\"}}],\"inLanguage\":\"ca\"},{\"@type\":\"Organization\",\"@id\":\"https:\\\/\\\/www.peraireinmobiliaria.com\\\/ca\\\/#organization\",\"name\":\"Peraire\",\"url\":\"https:\\\/\\\/www.peraireinmobiliaria.com\\\/ca\\\/\",\"logo\":{\"@type\":\"ImageObject\",\"inLanguage\":\"ca\",\"@id\":\"https:\\\/\\\/www.peraireinmobiliaria.com\\\/ca\\\/#\\\/schema\\\/logo\\\/image\\\/\",\"url\":\"https:\\\/\\\/www.peraireinmobiliaria.com\\\/wp-content\\\/uploads\\\/2022\\\/04\\\/logo_peraire.svg\",\"contentUrl\":\"https:\\\/\\\/www.peraireinmobiliaria.com\\\/wp-content\\\/uploads\\\/2022\\\/04\\\/logo_peraire.svg\",\"width\":157,\"height\":43,\"caption\":\"Peraire\"},\"image\":{\"@id\":\"https:\\\/\\\/www.peraireinmobiliaria.com\\\/ca\\\/#\\\/schema\\\/logo\\\/image\\\/\"}}]}<\/script>\n<!-- \/ Yoast SEO plugin. -->","yoast_head_json":{"title":"Serveis | Peraire Inmobiliaria","description":"Oferim els millors serveis immobiliaris: comercialitzaci\u00f3 d\u00b4immobles, assessorament jur\u00eddic i fiscal, valoraci\u00f3, comunitats i m\u00e9s.","robots":{"index":"index","follow":"follow","max-snippet":"max-snippet:-1","max-image-preview":"max-image-preview:large","max-video-preview":"max-video-preview:-1"},"canonical":"https:\/\/www.peraireinmobiliaria.com\/ca\/serveis\/","og_locale":"ca_ES","og_type":"article","og_title":"Serveis | Peraire Inmobiliaria","og_description":"Oferim els millors serveis immobiliaris: comercialitzaci\u00f3 d\u00b4immobles, assessorament jur\u00eddic i fiscal, valoraci\u00f3, comunitats i m\u00e9s.","og_url":"https:\/\/www.peraireinmobiliaria.com\/ca\/serveis\/","og_site_name":"Peraire","article_modified_time":"2025-04-08T09:32:26+00:00","og_image":[{"url":"https:\/\/www.peraireinmobiliaria.com\/wp-content\/uploads\/2022\/04\/portal-1024x596.png","type":"","width":"","height":""}],"twitter_card":"summary_large_image","twitter_misc":{"Temps estimat de lectura":"1 minut"},"schema":{"@context":"https:\/\/schema.org","@graph":[{"@type":"WebPage","@id":"https:\/\/www.peraireinmobiliaria.com\/ca\/serveis\/","url":"https:\/\/www.peraireinmobiliaria.com\/ca\/serveis\/","name":"Serveis | Peraire Inmobiliaria","isPartOf":{"@id":"https:\/\/www.peraireinmobiliaria.com\/ca\/#website"},"primaryImageOfPage":{"@id":"https:\/\/www.peraireinmobiliaria.com\/ca\/serveis\/#primaryimage"},"image":{"@id":"https:\/\/www.peraireinmobiliaria.com\/ca\/serveis\/#primaryimage"},"thumbnailUrl":"https:\/\/www.peraireinmobiliaria.com\/wp-content\/uploads\/2022\/04\/portal-1024x596.png","datePublished":"2022-04-11T13:35:23+00:00","dateModified":"2025-04-08T09:32:26+00:00","description":"Oferim els millors serveis immobiliaris: comercialitzaci\u00f3 d\u00b4immobles, assessorament jur\u00eddic i fiscal, valoraci\u00f3, comunitats i m\u00e9s.","breadcrumb":{"@id":"https:\/\/www.peraireinmobiliaria.com\/ca\/serveis\/#breadcrumb"},"inLanguage":"ca","potentialAction":[{"@type":"ReadAction","target":["https:\/\/www.peraireinmobiliaria.com\/ca\/serveis\/"]}]},{"@type":"ImageObject","inLanguage":"ca","@id":"https:\/\/www.peraireinmobiliaria.com\/ca\/serveis\/#primaryimage","url":"https:\/\/www.peraireinmobiliaria.com\/wp-content\/uploads\/2022\/04\/portal-1024x596.png","contentUrl":"https:\/\/www.peraireinmobiliaria.com\/wp-content\/uploads\/2022\/04\/portal-1024x596.png"},{"@type":"BreadcrumbList","@id":"https:\/\/www.peraireinmobiliaria.com\/ca\/serveis\/#breadcrumb","itemListElement":[{"@type":"ListItem","position":1,"name":"Home","item":"https:\/\/www.peraireinmobiliaria.com\/ca\/"},{"@type":"ListItem","position":2,"name":"Serveis"}]},{"@type":"WebSite","@id":"https:\/\/www.peraireinmobiliaria.com\/ca\/#website","url":"https:\/\/www.peraireinmobiliaria.com\/ca\/","name":"Peraire","description":"Servicios inmobiliarios","publisher":{"@id":"https:\/\/www.peraireinmobiliaria.com\/ca\/#organization"},"potentialAction":[{"@type":"SearchAction","target":{"@type":"EntryPoint","urlTemplate":"https:\/\/www.peraireinmobiliaria.com\/ca\/?s={search_term_string}"},"query-input":{"@type":"PropertyValueSpecification","valueRequired":true,"valueName":"search_term_string"}}],"inLanguage":"ca"},{"@type":"Organization","@id":"https:\/\/www.peraireinmobiliaria.com\/ca\/#organization","name":"Peraire","url":"https:\/\/www.peraireinmobiliaria.com\/ca\/","logo":{"@type":"ImageObject","inLanguage":"ca","@id":"https:\/\/www.peraireinmobiliaria.com\/ca\/#\/schema\/logo\/image\/","url":"https:\/\/www.peraireinmobiliaria.com\/wp-content\/uploads\/2022\/04\/logo_peraire.svg","contentUrl":"https:\/\/www.peraireinmobiliaria.com\/wp-content\/uploads\/2022\/04\/logo_peraire.svg","width":157,"height":43,"caption":"Peraire"},"image":{"@id":"https:\/\/www.peraireinmobiliaria.com\/ca\/#\/schema\/logo\/image\/"}}]}},"_links":{"self":[{"href":"https:\/\/www.peraireinmobiliaria.com\/ca\/wp-json\/wp\/v2\/pages\/578","targetHints":{"allow":["GET"]}}],"collection":[{"href":"https:\/\/www.peraireinmobiliaria.com\/ca\/wp-json\/wp\/v2\/pages"}],"about":[{"href":"https:\/\/www.peraireinmobiliaria.com\/ca\/wp-json\/wp\/v2\/types\/page"}],"author":[{"embeddable":true,"href":"https:\/\/www.peraireinmobiliaria.com\/ca\/wp-json\/wp\/v2\/users\/1"}],"replies":[{"embeddable":true,"href":"https:\/\/www.peraireinmobiliaria.com\/ca\/wp-json\/wp\/v2\/comments?post=578"}],"version-history":[{"count":0,"href":"https:\/\/www.peraireinmobiliaria.com\/ca\/wp-json\/wp\/v2\/pages\/578\/revisions"}],"wp:attachment":[{"href":"https:\/\/www.peraireinmobiliaria.com\/ca\/wp-json\/wp\/v2\/media?parent=578"}],"curies":[{"name":"wp","href":"https:\/\/api.w.org\/{rel}","templated":true}]}}