{"id":648,"date":"2022-04-11T13:37:00","date_gmt":"2022-04-11T11:37:00","guid":{"rendered":"https:\/\/www.peraireinmobiliaria.com\/\/qui-som\/"},"modified":"2025-12-12T12:59:08","modified_gmt":"2025-12-12T11:59:08","slug":"qui-som","status":"publish","type":"page","link":"https:\/\/www.peraireinmobiliaria.com\/ca\/qui-som\/","title":{"rendered":"Qui som"},"content":{"rendered":"\n<div class=\"wp-block-group alignfull bg-info section py-5\"><div class=\"wp-block-group__inner-container is-layout-flow wp-block-group-is-layout-flow\">\n<div class=\"wp-block-group container gx-2\"><div class=\"wp-block-group__inner-container is-layout-flow wp-block-group-is-layout-flow\"><div class=\"wp-bootstrap-blocks-row row gy-3\">\n\t\n\n<div class=\"col-12 col-md-12 col-lg-6 col-xl-6 pe-xxl-8\">\n\t\t\t<div class=\"h-100 d-flex flex-column justify-content-center\">\n\t\t\t\n\n<h1 class=\"wp-block-heading\">Qui som<\/h1>\n\n\t\t<\/div>\n\t<\/div>\n\n\n\n<div class=\"col-12 col-md-12 col-lg-6 col-xl-6\">\n\t\t\t<div class=\"h-100 d-flex flex-column justify-content-center\">\n\t\t\t\n\n<p>Peraire Serveis Immobiliaris va n\u00e9ixer el mar\u00e7 de 2017 fruit de la uni\u00f3 de diversos professionals que compartim la mateixa visi\u00f3.<\/p>\n\n\t\t<\/div>\n\t<\/div>\n\n<\/div>\n<\/div><\/div>\n<\/div><\/div>\n\n\n\n<div class=\"wp-block-group section\"><div class=\"wp-block-group__inner-container is-layout-flow wp-block-group-is-layout-flow\"><div class=\"wp-bootstrap-blocks-row row gx-6 gy-3\">\n\t\n\n<div class=\"col-12 col-md-12 col-lg-5 col-xl-5 order-2 order-lg-1\">\n\t\t\t\n\n<figure class=\"wp-block-image size-large\"><img decoding=\"async\" width=\"830\" height=\"1024\" src=\"https:\/\/www.peraireinmobiliaria.com\/wp-content\/uploads\/2022\/06\/sala_estar_sofa-1-830x1024.png\" alt=\"\" class=\"wp-image-982\" srcset=\"https:\/\/www.peraireinmobiliaria.com\/wp-content\/uploads\/2022\/06\/sala_estar_sofa-1-830x1024.png 830w, https:\/\/www.peraireinmobiliaria.com\/wp-content\/uploads\/2022\/06\/sala_estar_sofa-1-243x300.png 243w, https:\/\/www.peraireinmobiliaria.com\/wp-content\/uploads\/2022\/06\/sala_estar_sofa-1-768x947.png 768w, https:\/\/www.peraireinmobiliaria.com\/wp-content\/uploads\/2022\/06\/sala_estar_sofa-1.png 978w\" sizes=\"(max-width: 830px) 100vw, 830px\" \/><\/figure>\n\n\t<\/div>\n\n\n\n<div class=\"col-12 col-md-12 col-lg-7 col-xl-7 order-1 order-lg-2\">\n\t\t\t<div class=\"h-100 d-flex flex-column justify-content-center\">\n\t\t\t\n\n<div class=\"wp-block-group mx-xl-8 mx-lg-4\"><div class=\"wp-block-group__inner-container is-layout-flow wp-block-group-is-layout-flow\">\n<h2 class=\"wp-block-heading mb-4\">El bon tracte \u00e9s el nostre segell.<\/h2>\n\n\n\n<p>Volem establir una <strong>relaci\u00f3 professional de qualitat<\/strong> i de llarg recorregut amb els nostres clients.<\/p>\n\n\n\n<p>Hem realitzat amb \u00e8xit moltes operacions que avalen el nostre m\u00e8tode.<\/p>\n\n\n\n<p>Entre les innumerables ag\u00e8ncies immobili\u00e0ries de Barcelona, a Peraire apostem per combinar les eines de comunicaci\u00f3 m\u00e9s avantguardistes, amb un <strong>tracte \u00e8tic, proper i transparent.<\/strong><\/p>\n\n\n\n<p>Treballem junts perqu\u00e8 quedis satisfet a l\u2019hora de comprar, vendre o llogar. Som una petita ag\u00e8ncia immobili\u00e0ria que t\u2019assessora i acompanya a cadascun dels serveis immobiliaris que oferim. Perqu\u00e8 a Peraire ets la nostra prioritat i el nostre \u00e8xit \u00e9s el teu \u00e8xit.<\/p>\n<\/div><\/div>\n\n\t\t<\/div>\n\t<\/div>\n\n<\/div>\n<\/div><\/div>\n\n\n\n<div class=\"wp-block-group alignfull bg-info py-7 mb-footer\"><div class=\"wp-block-group__inner-container is-layout-flow wp-block-group-is-layout-flow\">\n<div class=\"wp-block-group container\"><div class=\"wp-block-group__inner-container is-layout-flow wp-block-group-is-layout-flow\"><div class=\"wp-bootstrap-blocks-row row mb-5\">\n\t\n\n<div class=\"col-12 col-sm-12 col-md-12 col-lg-8 col-xl-7\">\n\t\t\t\n\n<h2 class=\"wp-block-heading me-lg-4\">El nostre equip est\u00e0 format per professionals amb una gran experi\u00e8ncia.<\/h2>\n\n\t<\/div>\n\n\n\n<div class=\"col-12 col-md-12 col-lg-4 col-xl-5\">\n\t\t\t\t<\/div>\n\n<\/div>\n\n\n<div class=\"wp-bootstrap-blocks-row row mb-3 gy-3\">\n\t\n\n<div class=\"col-12 col-lg-4\">\n\t\t\t\n\n<div class=\"wp-block-group box-team\"><div class=\"wp-block-group__inner-container is-layout-flow wp-block-group-is-layout-flow\">\n<figure class=\"wp-block-image size-full is-resized mb-4\"><img decoding=\"async\" width=\"332\" height=\"332\" src=\"https:\/\/www.peraireinmobiliaria.com\/wp-content\/uploads\/2022\/04\/joan-2.png\" alt=\"\" class=\"wp-image-702\" style=\"width:200px;height:200px\" srcset=\"https:\/\/www.peraireinmobiliaria.com\/wp-content\/uploads\/2022\/04\/joan-2.png 332w, https:\/\/www.peraireinmobiliaria.com\/wp-content\/uploads\/2022\/04\/joan-2-300x300.png 300w, https:\/\/www.peraireinmobiliaria.com\/wp-content\/uploads\/2022\/04\/joan-2-150x150.png 150w\" sizes=\"(max-width: 332px) 100vw, 332px\" \/><\/figure>\n\n\n\n<p><strong>Joan Garc\u00eda<\/strong><br>Director general<\/p>\n\n\n\n<p class=\"item-icon-phone\"><a href=\"tel:653723836\">653 723 836<\/a><\/p>\n\n\n\n<p class=\"item-icon-mail\"><a href=\"mailto:joan@peraireinmobiliaria.com\">joan@peraireinmobiliaria.com<\/a><\/p>\n\n\n\n<p>Fundador de Peraire. Direcci\u00f3 de recursos humans i assessoria jur\u00eddica. El seu m\u00e0xim prop\u00f2sit \u00e9s mantenir la identitat empresarial que ens fa diferents.<\/p>\n<\/div><\/div>\n\n\t<\/div>\n\n\n\n<div class=\"col-12 col-lg-4\">\n\t\t\t\n\n<div class=\"wp-block-group box-team\"><div class=\"wp-block-group__inner-container is-layout-flow wp-block-group-is-layout-flow\">\n<figure class=\"wp-block-image size-full is-resized mb-4\"><img decoding=\"async\" width=\"332\" height=\"332\" src=\"https:\/\/www.peraireinmobiliaria.com\/wp-content\/uploads\/2022\/04\/marc-1.png\" alt=\"\" class=\"wp-image-684\" style=\"width:200px;height:200px\" srcset=\"https:\/\/www.peraireinmobiliaria.com\/wp-content\/uploads\/2022\/04\/marc-1.png 332w, https:\/\/www.peraireinmobiliaria.com\/wp-content\/uploads\/2022\/04\/marc-1-300x300.png 300w, https:\/\/www.peraireinmobiliaria.com\/wp-content\/uploads\/2022\/04\/marc-1-150x150.png 150w\" sizes=\"(max-width: 332px) 100vw, 332px\" \/><\/figure>\n\n\n\n<p><strong>Marc Ma\u00f1\u00e1<\/strong><br>Director comercial<\/p>\n\n\n\n<p class=\"item-icon-phone\"><a href=\"tel:617945533\">617 94 55 33<\/a><\/p>\n\n\n\n<p class=\"item-icon-mail\"><a href=\"mailto:marc@peraireinmobiliaria.com\">marc@peraireinmobiliaria.com<\/a><\/p>\n\n\n\n<p>Assist\u00e8ncia i suport a l\u2019equip comercial. Direcci\u00f3 d\u2019operacions. Professional de cap a peus. Ens ajuda a ser millors cada dia.<\/p>\n<\/div><\/div>\n\n\t<\/div>\n\n\n\n<div class=\"col-12 col-lg-4\">\n\t\t\t\n\n<div class=\"wp-block-group box-team\"><div class=\"wp-block-group__inner-container is-layout-flow wp-block-group-is-layout-flow\">\n<figure class=\"wp-block-image size-full is-resized mb-4\"><img decoding=\"async\" width=\"332\" height=\"332\" src=\"https:\/\/www.peraireinmobiliaria.com\/wp-content\/uploads\/2022\/04\/elena.png\" alt=\"\" class=\"wp-image-687\" style=\"width:200px;height:200px\" srcset=\"https:\/\/www.peraireinmobiliaria.com\/wp-content\/uploads\/2022\/04\/elena.png 332w, https:\/\/www.peraireinmobiliaria.com\/wp-content\/uploads\/2022\/04\/elena-300x300.png 300w, https:\/\/www.peraireinmobiliaria.com\/wp-content\/uploads\/2022\/04\/elena-150x150.png 150w\" sizes=\"(max-width: 332px) 100vw, 332px\" \/><\/figure>\n\n\n\n<p><strong>Helena Orbeal<\/strong><br>Administradora de finques<\/p>\n\n\n\n<p class=\"item-icon-phone\"><a href=\"tel:930157153\">930 157 153<\/a><\/p>\n\n\n\n<p class=\"item-icon-mail\"><a href=\"mailto:administracion@peraireinmobiliaria.com\">administracion@peraireinmobiliaria.com<\/a><\/p>\n\n\n\n<p>Administradora col\u00b7legiada a c\u00e0rrec de la gesti\u00f3 de finques i patrimoni. Preparada i atenta. Sempre ofereix la millor soluci\u00f3.<\/p>\n<\/div><\/div>\n\n\t<\/div>\n\n<\/div>\n\n\n<div class=\"wp-bootstrap-blocks-row row mb-3 gy-3\">\n\t\n\n<div class=\"col-12 col-lg-4\">\n\t\t\t\n\n<div class=\"wp-block-group box-team\"><div class=\"wp-block-group__inner-container is-layout-flow wp-block-group-is-layout-flow\">\n<figure class=\"wp-block-image size-full is-resized mb-4\"><img decoding=\"async\" width=\"332\" height=\"332\" src=\"https:\/\/www.peraireinmobiliaria.com\/wp-content\/uploads\/2022\/04\/maricarmen.png\" alt=\"\" class=\"wp-image-690\" style=\"width:200px;height:200px\" srcset=\"https:\/\/www.peraireinmobiliaria.com\/wp-content\/uploads\/2022\/04\/maricarmen.png 332w, https:\/\/www.peraireinmobiliaria.com\/wp-content\/uploads\/2022\/04\/maricarmen-300x300.png 300w, https:\/\/www.peraireinmobiliaria.com\/wp-content\/uploads\/2022\/04\/maricarmen-150x150.png 150w\" sizes=\"(max-width: 332px) 100vw, 332px\" \/><\/figure>\n\n\n\n<p><strong>Maricarmen Caama\u00f1o<\/strong><br>Administraci\u00f3, comptabilitat, gesti\u00f3<\/p>\n\n\n\n<p class=\"item-icon-phone\"><a href=\"tel:930157153\">930 157 153<\/a><\/p>\n\n\n\n<p class=\"item-icon-mail\"><a href=\"mailto:administracion@peraireinmobiliaria.com\">administracion@peraireinmobiliaria.com<\/a><\/p>\n\n\n\n<p>M\u00e9s de 30 anys d\u2019experi\u00e8ncia. Diligent i rigorosa. Nom\u00e9s existeix la perfecci\u00f3 en tot all\u00f2 que fa.<\/p>\n<\/div><\/div>\n\n\t<\/div>\n\n\n\n<div class=\"col-12 col-lg-4\">\n\t\t\t\n\n<div class=\"wp-block-group box-team\"><div class=\"wp-block-group__inner-container is-layout-flow wp-block-group-is-layout-flow\">\n<figure class=\"wp-block-image size-full is-resized mb-4\"><img decoding=\"async\" width=\"332\" height=\"332\" src=\"https:\/\/www.peraireinmobiliaria.com\/wp-content\/uploads\/2022\/04\/josep.png\" alt=\"\" class=\"wp-image-693\" style=\"width:200px;height:200px\" srcset=\"https:\/\/www.peraireinmobiliaria.com\/wp-content\/uploads\/2022\/04\/josep.png 332w, https:\/\/www.peraireinmobiliaria.com\/wp-content\/uploads\/2022\/04\/josep-300x300.png 300w, https:\/\/www.peraireinmobiliaria.com\/wp-content\/uploads\/2022\/04\/josep-150x150.png 150w\" sizes=\"(max-width: 332px) 100vw, 332px\" \/><\/figure>\n\n\n\n<p><strong>Josep Escalona<br><\/strong>Consultor immobiliari<\/p>\n\n\n\n<p class=\"item-icon-phone\"><a href=\"tel:637312478\">637 312 478<\/a><\/p>\n\n\n\n<p class=\"item-icon-mail\"><a href=\"mailto:josep@peraireinmobiliaria.com\">josep@peraireinmobiliaria.com<\/a><\/p>\n\n\n\n<p>Atenci\u00f3 presencial i assessoria a clients. Proactiu i incansable. El treball ben fet \u00e9s la seva marca personal.<\/p>\n<\/div><\/div>\n\n\t<\/div>\n\n\n\n<div class=\"col-12 col-lg-4\">\n\t\t\t\n\n<div class=\"wp-block-group box-team\"><div class=\"wp-block-group__inner-container is-layout-flow wp-block-group-is-layout-flow\">\n<figure class=\"wp-block-image size-full is-resized mb-4\"><img decoding=\"async\" width=\"332\" height=\"332\" src=\"https:\/\/www.peraireinmobiliaria.com\/wp-content\/uploads\/2022\/04\/frank-2.png\" alt=\"\" class=\"wp-image-730\" style=\"width:200px;height:200px\" srcset=\"https:\/\/www.peraireinmobiliaria.com\/wp-content\/uploads\/2022\/04\/frank-2.png 332w, https:\/\/www.peraireinmobiliaria.com\/wp-content\/uploads\/2022\/04\/frank-2-300x300.png 300w, https:\/\/www.peraireinmobiliaria.com\/wp-content\/uploads\/2022\/04\/frank-2-150x150.png 150w\" sizes=\"(max-width: 332px) 100vw, 332px\" \/><\/figure>\n\n\n\n<p><strong>Frank Alonso<\/strong><br>Consultor immobiliari<\/p>\n\n\n\n<p class=\"item-icon-phone\"><a href=\"tel:654916909\">654 916 909<\/a><\/p>\n\n\n\n<p class=\"item-icon-mail\"><a href=\"mailto:frank@peraireinmobiliaria.com\">frank@peraireinmobiliaria.com<\/a><\/p>\n\n\n\n<p>Estrat\u00e8gia i an\u00e0lisis de mercat. Gran bagatge professional i intel\u00b7lectual. Els seus consells no tenen preu.<\/p>\n<\/div><\/div>\n\n\t<\/div>\n\n<\/div>\n\n\n<div class=\"wp-bootstrap-blocks-row row mb-3 gy-3\">\n\t\n\n<div class=\"col-12 col-lg-4\">\n\t\t\t\n\n<div class=\"wp-block-group box-team\"><div class=\"wp-block-group__inner-container is-layout-flow wp-block-group-is-layout-flow\">\n<figure class=\"wp-block-image size-large is-resized mb-4 is-style-rounded\"><img decoding=\"async\" width=\"1024\" height=\"1024\" src=\"https:\/\/www.peraireinmobiliaria.com\/wp-content\/uploads\/2024\/05\/DSCF0844-1024x1024.png\" alt=\"\" class=\"wp-image-3024\" style=\"width:200px\" srcset=\"https:\/\/www.peraireinmobiliaria.com\/wp-content\/uploads\/2024\/05\/DSCF0844-1024x1024.png 1024w, https:\/\/www.peraireinmobiliaria.com\/wp-content\/uploads\/2024\/05\/DSCF0844-300x300.png 300w, https:\/\/www.peraireinmobiliaria.com\/wp-content\/uploads\/2024\/05\/DSCF0844-150x150.png 150w, https:\/\/www.peraireinmobiliaria.com\/wp-content\/uploads\/2024\/05\/DSCF0844-768x768.png 768w, https:\/\/www.peraireinmobiliaria.com\/wp-content\/uploads\/2024\/05\/DSCF0844-1536x1536.png 1536w, https:\/\/www.peraireinmobiliaria.com\/wp-content\/uploads\/2024\/05\/DSCF0844-2048x2048.png 2048w\" sizes=\"(max-width: 1024px) 100vw, 1024px\" \/><\/figure>\n\n\n\n<p><strong>Hanane Houzi<\/strong><br>Consultora immobili\u00e0ria<\/p>\n\n\n\n<p class=\"item-icon-phone\"><a href=\"tel:930157153\">642 514 556<\/a><\/p>\n\n\n\n<p class=\"item-icon-mail\"><a href=\"mailto:hana@peraireinmobiliaria.com\">hana@peraireinmobiliaria.com<\/a><\/p>\n\n\n\n<p>Gesti\u00f3 de vendes i arrendaments. Honesta i emp\u00e0tica. Molt tena\u00e7 en els seus projectes.<\/p>\n<\/div><\/div>\n\n\t<\/div>\n\n\n\n<div class=\"col-12 col-lg-4\">\n\t\t\t\t<\/div>\n\n\n\n<div class=\"col-12 col-lg-4\">\n\t\t\t\t<\/div>\n\n<\/div>\n\n\n<div class=\"wp-bootstrap-blocks-row row mb-3 gy-3\">\n\t\n\n<div class=\"col-12 col-md-6 col-lg-4\">\n\t\t\t\t<\/div>\n\n\n\n<div class=\"col-12 col-md-6 col-lg-4\">\n\t\t\t\t<\/div>\n\n<\/div>\n<\/div><\/div>\n<\/div><\/div>\n","protected":false},"excerpt":{"rendered":"","protected":false},"author":1,"featured_media":0,"parent":0,"menu_order":0,"comment_status":"closed","ping_status":"closed","template":"","meta":{"footnotes":""},"class_list":["post-648","page","type-page","status-publish","hentry"],"yoast_head":"<!-- This site is optimized with the Yoast SEO plugin v27.4 - https:\/\/yoast.com\/product\/yoast-seo-wordpress\/ -->\n<title>Qui som | Peraire Inmobiliaria<\/title>\n<meta name=\"description\" content=\"Som una ag\u00e8ncia immobili\u00e0ria a Barcelona amb un equip de professionals amb una \u00e0mplia experi\u00e8ncia i un tracte \u00e8tic, proper i personalitzat.\" \/>\n<meta name=\"robots\" content=\"index, follow, max-snippet:-1, max-image-preview:large, max-video-preview:-1\" \/>\n<link rel=\"canonical\" href=\"https:\/\/www.peraireinmobiliaria.com\/ca\/qui-som\/\" \/>\n<meta property=\"og:locale\" content=\"ca_ES\" \/>\n<meta property=\"og:type\" content=\"article\" \/>\n<meta property=\"og:title\" content=\"Qui som | Peraire Inmobiliaria\" \/>\n<meta property=\"og:description\" content=\"Som una ag\u00e8ncia immobili\u00e0ria a Barcelona amb un equip de professionals amb una \u00e0mplia experi\u00e8ncia i un tracte \u00e8tic, proper i personalitzat.\" \/>\n<meta property=\"og:url\" content=\"https:\/\/www.peraireinmobiliaria.com\/ca\/qui-som\/\" \/>\n<meta property=\"og:site_name\" content=\"Peraire\" \/>\n<meta property=\"article:modified_time\" content=\"2025-12-12T11:59:08+00:00\" \/>\n<meta property=\"og:image\" content=\"https:\/\/www.peraireinmobiliaria.com\/wp-content\/uploads\/2022\/06\/sala_estar_sofa-1-830x1024.png\" \/>\n<meta name=\"twitter:card\" content=\"summary_large_image\" \/>\n<meta name=\"twitter:label1\" content=\"Temps estimat de lectura\" \/>\n\t<meta name=\"twitter:data1\" content=\"2 minuts\" \/>\n<script type=\"application\/ld+json\" class=\"yoast-schema-graph\">{\"@context\":\"https:\\\/\\\/schema.org\",\"@graph\":[{\"@type\":\"WebPage\",\"@id\":\"https:\\\/\\\/www.peraireinmobiliaria.com\\\/ca\\\/qui-som\\\/\",\"url\":\"https:\\\/\\\/www.peraireinmobiliaria.com\\\/ca\\\/qui-som\\\/\",\"name\":\"Qui som | Peraire Inmobiliaria\",\"isPartOf\":{\"@id\":\"https:\\\/\\\/www.peraireinmobiliaria.com\\\/ca\\\/#website\"},\"primaryImageOfPage\":{\"@id\":\"https:\\\/\\\/www.peraireinmobiliaria.com\\\/ca\\\/qui-som\\\/#primaryimage\"},\"image\":{\"@id\":\"https:\\\/\\\/www.peraireinmobiliaria.com\\\/ca\\\/qui-som\\\/#primaryimage\"},\"thumbnailUrl\":\"https:\\\/\\\/www.peraireinmobiliaria.com\\\/wp-content\\\/uploads\\\/2022\\\/06\\\/sala_estar_sofa-1-830x1024.png\",\"datePublished\":\"2022-04-11T11:37:00+00:00\",\"dateModified\":\"2025-12-12T11:59:08+00:00\",\"description\":\"Som una ag\u00e8ncia immobili\u00e0ria a Barcelona amb un equip de professionals amb una \u00e0mplia experi\u00e8ncia i un tracte \u00e8tic, proper i personalitzat.\",\"breadcrumb\":{\"@id\":\"https:\\\/\\\/www.peraireinmobiliaria.com\\\/ca\\\/qui-som\\\/#breadcrumb\"},\"inLanguage\":\"ca\",\"potentialAction\":[{\"@type\":\"ReadAction\",\"target\":[\"https:\\\/\\\/www.peraireinmobiliaria.com\\\/ca\\\/qui-som\\\/\"]}]},{\"@type\":\"ImageObject\",\"inLanguage\":\"ca\",\"@id\":\"https:\\\/\\\/www.peraireinmobiliaria.com\\\/ca\\\/qui-som\\\/#primaryimage\",\"url\":\"https:\\\/\\\/www.peraireinmobiliaria.com\\\/wp-content\\\/uploads\\\/2022\\\/06\\\/sala_estar_sofa-1-830x1024.png\",\"contentUrl\":\"https:\\\/\\\/www.peraireinmobiliaria.com\\\/wp-content\\\/uploads\\\/2022\\\/06\\\/sala_estar_sofa-1-830x1024.png\"},{\"@type\":\"BreadcrumbList\",\"@id\":\"https:\\\/\\\/www.peraireinmobiliaria.com\\\/ca\\\/qui-som\\\/#breadcrumb\",\"itemListElement\":[{\"@type\":\"ListItem\",\"position\":1,\"name\":\"Home\",\"item\":\"https:\\\/\\\/www.peraireinmobiliaria.com\\\/ca\\\/\"},{\"@type\":\"ListItem\",\"position\":2,\"name\":\"Qui som\"}]},{\"@type\":\"WebSite\",\"@id\":\"https:\\\/\\\/www.peraireinmobiliaria.com\\\/ca\\\/#website\",\"url\":\"https:\\\/\\\/www.peraireinmobiliaria.com\\\/ca\\\/\",\"name\":\"Peraire\",\"description\":\"Servicios inmobiliarios\",\"publisher\":{\"@id\":\"https:\\\/\\\/www.peraireinmobiliaria.com\\\/ca\\\/#organization\"},\"potentialAction\":[{\"@type\":\"SearchAction\",\"target\":{\"@type\":\"EntryPoint\",\"urlTemplate\":\"https:\\\/\\\/www.peraireinmobiliaria.com\\\/ca\\\/?s={search_term_string}\"},\"query-input\":{\"@type\":\"PropertyValueSpecification\",\"valueRequired\":true,\"valueName\":\"search_term_string\"}}],\"inLanguage\":\"ca\"},{\"@type\":\"Organization\",\"@id\":\"https:\\\/\\\/www.peraireinmobiliaria.com\\\/ca\\\/#organization\",\"name\":\"Peraire\",\"url\":\"https:\\\/\\\/www.peraireinmobiliaria.com\\\/ca\\\/\",\"logo\":{\"@type\":\"ImageObject\",\"inLanguage\":\"ca\",\"@id\":\"https:\\\/\\\/www.peraireinmobiliaria.com\\\/ca\\\/#\\\/schema\\\/logo\\\/image\\\/\",\"url\":\"https:\\\/\\\/www.peraireinmobiliaria.com\\\/wp-content\\\/uploads\\\/2022\\\/04\\\/logo_peraire.svg\",\"contentUrl\":\"https:\\\/\\\/www.peraireinmobiliaria.com\\\/wp-content\\\/uploads\\\/2022\\\/04\\\/logo_peraire.svg\",\"width\":157,\"height\":43,\"caption\":\"Peraire\"},\"image\":{\"@id\":\"https:\\\/\\\/www.peraireinmobiliaria.com\\\/ca\\\/#\\\/schema\\\/logo\\\/image\\\/\"}}]}<\/script>\n<!-- \/ Yoast SEO plugin. -->","yoast_head_json":{"title":"Qui som | Peraire Inmobiliaria","description":"Som una ag\u00e8ncia immobili\u00e0ria a Barcelona amb un equip de professionals amb una \u00e0mplia experi\u00e8ncia i un tracte \u00e8tic, proper i personalitzat.","robots":{"index":"index","follow":"follow","max-snippet":"max-snippet:-1","max-image-preview":"max-image-preview:large","max-video-preview":"max-video-preview:-1"},"canonical":"https:\/\/www.peraireinmobiliaria.com\/ca\/qui-som\/","og_locale":"ca_ES","og_type":"article","og_title":"Qui som | Peraire Inmobiliaria","og_description":"Som una ag\u00e8ncia immobili\u00e0ria a Barcelona amb un equip de professionals amb una \u00e0mplia experi\u00e8ncia i un tracte \u00e8tic, proper i personalitzat.","og_url":"https:\/\/www.peraireinmobiliaria.com\/ca\/qui-som\/","og_site_name":"Peraire","article_modified_time":"2025-12-12T11:59:08+00:00","og_image":[{"url":"https:\/\/www.peraireinmobiliaria.com\/wp-content\/uploads\/2022\/06\/sala_estar_sofa-1-830x1024.png","type":"","width":"","height":""}],"twitter_card":"summary_large_image","twitter_misc":{"Temps estimat de lectura":"2 minuts"},"schema":{"@context":"https:\/\/schema.org","@graph":[{"@type":"WebPage","@id":"https:\/\/www.peraireinmobiliaria.com\/ca\/qui-som\/","url":"https:\/\/www.peraireinmobiliaria.com\/ca\/qui-som\/","name":"Qui som | Peraire Inmobiliaria","isPartOf":{"@id":"https:\/\/www.peraireinmobiliaria.com\/ca\/#website"},"primaryImageOfPage":{"@id":"https:\/\/www.peraireinmobiliaria.com\/ca\/qui-som\/#primaryimage"},"image":{"@id":"https:\/\/www.peraireinmobiliaria.com\/ca\/qui-som\/#primaryimage"},"thumbnailUrl":"https:\/\/www.peraireinmobiliaria.com\/wp-content\/uploads\/2022\/06\/sala_estar_sofa-1-830x1024.png","datePublished":"2022-04-11T11:37:00+00:00","dateModified":"2025-12-12T11:59:08+00:00","description":"Som una ag\u00e8ncia immobili\u00e0ria a Barcelona amb un equip de professionals amb una \u00e0mplia experi\u00e8ncia i un tracte \u00e8tic, proper i personalitzat.","breadcrumb":{"@id":"https:\/\/www.peraireinmobiliaria.com\/ca\/qui-som\/#breadcrumb"},"inLanguage":"ca","potentialAction":[{"@type":"ReadAction","target":["https:\/\/www.peraireinmobiliaria.com\/ca\/qui-som\/"]}]},{"@type":"ImageObject","inLanguage":"ca","@id":"https:\/\/www.peraireinmobiliaria.com\/ca\/qui-som\/#primaryimage","url":"https:\/\/www.peraireinmobiliaria.com\/wp-content\/uploads\/2022\/06\/sala_estar_sofa-1-830x1024.png","contentUrl":"https:\/\/www.peraireinmobiliaria.com\/wp-content\/uploads\/2022\/06\/sala_estar_sofa-1-830x1024.png"},{"@type":"BreadcrumbList","@id":"https:\/\/www.peraireinmobiliaria.com\/ca\/qui-som\/#breadcrumb","itemListElement":[{"@type":"ListItem","position":1,"name":"Home","item":"https:\/\/www.peraireinmobiliaria.com\/ca\/"},{"@type":"ListItem","position":2,"name":"Qui som"}]},{"@type":"WebSite","@id":"https:\/\/www.peraireinmobiliaria.com\/ca\/#website","url":"https:\/\/www.peraireinmobiliaria.com\/ca\/","name":"Peraire","description":"Servicios inmobiliarios","publisher":{"@id":"https:\/\/www.peraireinmobiliaria.com\/ca\/#organization"},"potentialAction":[{"@type":"SearchAction","target":{"@type":"EntryPoint","urlTemplate":"https:\/\/www.peraireinmobiliaria.com\/ca\/?s={search_term_string}"},"query-input":{"@type":"PropertyValueSpecification","valueRequired":true,"valueName":"search_term_string"}}],"inLanguage":"ca"},{"@type":"Organization","@id":"https:\/\/www.peraireinmobiliaria.com\/ca\/#organization","name":"Peraire","url":"https:\/\/www.peraireinmobiliaria.com\/ca\/","logo":{"@type":"ImageObject","inLanguage":"ca","@id":"https:\/\/www.peraireinmobiliaria.com\/ca\/#\/schema\/logo\/image\/","url":"https:\/\/www.peraireinmobiliaria.com\/wp-content\/uploads\/2022\/04\/logo_peraire.svg","contentUrl":"https:\/\/www.peraireinmobiliaria.com\/wp-content\/uploads\/2022\/04\/logo_peraire.svg","width":157,"height":43,"caption":"Peraire"},"image":{"@id":"https:\/\/www.peraireinmobiliaria.com\/ca\/#\/schema\/logo\/image\/"}}]}},"_links":{"self":[{"href":"https:\/\/www.peraireinmobiliaria.com\/ca\/wp-json\/wp\/v2\/pages\/648","targetHints":{"allow":["GET"]}}],"collection":[{"href":"https:\/\/www.peraireinmobiliaria.com\/ca\/wp-json\/wp\/v2\/pages"}],"about":[{"href":"https:\/\/www.peraireinmobiliaria.com\/ca\/wp-json\/wp\/v2\/types\/page"}],"author":[{"embeddable":true,"href":"https:\/\/www.peraireinmobiliaria.com\/ca\/wp-json\/wp\/v2\/users\/1"}],"replies":[{"embeddable":true,"href":"https:\/\/www.peraireinmobiliaria.com\/ca\/wp-json\/wp\/v2\/comments?post=648"}],"version-history":[{"count":0,"href":"https:\/\/www.peraireinmobiliaria.com\/ca\/wp-json\/wp\/v2\/pages\/648\/revisions"}],"wp:attachment":[{"href":"https:\/\/www.peraireinmobiliaria.com\/ca\/wp-json\/wp\/v2\/media?parent=648"}],"curies":[{"name":"wp","href":"https:\/\/api.w.org\/{rel}","templated":true}]}}